{"id":306,"date":"2025-07-09T19:30:43","date_gmt":"2025-07-09T22:30:43","guid":{"rendered":"https:\/\/belulicardi.com\/?page_id=306"},"modified":"2025-07-28T09:11:40","modified_gmt":"2025-07-28T12:11:40","slug":"me-alegro-de-que-estes-aca","status":"publish","type":"page","link":"https:\/\/belulicardi.com\/index.php\/me-alegro-de-que-estes-aca\/","title":{"rendered":"\u00a1Hola! Soy Belu, la Storyteller detr\u00e1s de esta pagina"},"content":{"rendered":"\n<div class=\"wp-block-media-text is-stacked-on-mobile is-vertically-aligned-center has-mono-4-background-color has-background\" style=\"padding-top:var(--wp--preset--spacing--superbspacing-xxsmall);padding-right:var(--wp--preset--spacing--superbspacing-small);padding-bottom:var(--wp--preset--spacing--superbspacing-xxsmall);padding-left:var(--wp--preset--spacing--superbspacing-small);grid-template-columns:45% auto\"><figure class=\"wp-block-media-text__media\"><img loading=\"lazy\" decoding=\"async\" width=\"634\" height=\"1024\" src=\"https:\/\/belulicardi.com\/wp-content\/uploads\/2025\/07\/WhatsApp-Image-2025-07-12-at-05.18.08-1-e1752312596902-634x1024.jpeg\" alt=\"\" class=\"wp-image-567 size-full\" srcset=\"https:\/\/belulicardi.com\/wp-content\/uploads\/2025\/07\/WhatsApp-Image-2025-07-12-at-05.18.08-1-e1752312596902-634x1024.jpeg 634w, https:\/\/belulicardi.com\/wp-content\/uploads\/2025\/07\/WhatsApp-Image-2025-07-12-at-05.18.08-1-e1752312596902-186x300.jpeg 186w, https:\/\/belulicardi.com\/wp-content\/uploads\/2025\/07\/WhatsApp-Image-2025-07-12-at-05.18.08-1-e1752312596902.jpeg 696w\" sizes=\"auto, (max-width: 634px) 100vw, 634px\" \/><\/figure><div class=\"wp-block-media-text__content\">\n<p class=\"has-text-align-center has-primary-color has-text-color has-link-color has-fontprimary-font-family wp-elements-ac5d57c14dba98ed0b4b1d27d1b7aa77\" style=\"font-size:clamp(22.041px, 1.378rem + ((1vw - 3.2px) * 1.586), 36px);\">Y quiero contarte&#8230;<\/p>\n\n\n\n<p class=\"has-primary-color has-text-color has-link-color wp-elements-e8cc78767ee924ad97907e55f4af4d9a\" style=\"font-size:clamp(14px, 0.875rem + ((1vw - 3.2px) * 0.455), 18px);line-height:1.6\"><span class=\"has-superb-addons-text-align-justify\">Desde que comenc\u00e9 a practicar Trail y a viajar a las carreras, la escritura me acompa\u00f1\u00f3 en cada kil\u00f3metro recorrido invit\u00e1ndome a descubrir diversas y nuevas formas de transmitir, no solo un mensaje, sino tambi\u00e9n su valor.<\/span><\/p>\n\n\n\n<p class=\"has-primary-color has-text-color has-link-color wp-elements-94dabfb1c043930c18e155d8ab7d0b35\" style=\"font-size:clamp(14px, 0.875rem + ((1vw - 3.2px) * 0.455), 18px);line-height:1.6\"><span class=\"has-superb-addons-text-align-justify\">As\u00ed que inici\u00e9 a formarme y a adentrarme de lleno en el mundo de las palabras y de la comunicaci\u00f3n digital, especialmente en deporte. Es un mundo que realmente me llena el alma y del cual aprend\u00ed que accionar sobre la narrativa digital implica tener un buen posicionamiento con valor deportivo.<\/span><\/p>\n<\/div><\/div>\n\n\n\n<p class=\"has-primary-color has-text-color has-link-color has-fontsecondary-font-family wp-elements-aaf30583042d44c1b9322b76aabe1dc1\" style=\"margin-top:var(--wp--preset--spacing--superbspacing-xsmall);margin-right:var(--wp--preset--spacing--superbspacing-xxsmall);margin-bottom:var(--wp--preset--spacing--superbspacing-xsmall);margin-left:var(--wp--preset--spacing--superbspacing-xxsmall);font-size:clamp(14px, 0.875rem + ((1vw - 3.2px) * 0.455), 18px);line-height:1.7\">Me dedico a la <em><strong>Comunicaci\u00f3n Digital en Deporte<\/strong><\/em><\/p>\n\n\n\n<ul class=\"wp-block-list has-mono-4-background-color has-background\">\n<li class=\"has-fontsecondary-font-family\" style=\"margin-top:var(--wp--preset--spacing--superbspacing-xxsmall);margin-bottom:var(--wp--preset--spacing--superbspacing-xxsmall);font-size:clamp(14px, 0.875rem + ((1vw - 3.2px) * 0.455), 18px);line-height:1.7;text-transform:none\">Escribo narrativas digitales orientadas a marcas personales, organizaciones de carreras, running teams y empresas de Trail Running para Blogs o cualquier otro tipo de canal digital. <\/li>\n\n\n\n<li class=\"has-fontsecondary-font-family\" style=\"margin-top:var(--wp--preset--spacing--superbspacing-xxsmall);margin-bottom:var(--wp--preset--spacing--superbspacing-xxsmall);font-size:clamp(14px, 0.875rem + ((1vw - 3.2px) * 0.455), 18px);line-height:1.7\">Implemento habilidades y estrategias comunicacionales digitales, como la <em>escritura creativa<\/em> <em>narrativa<\/em> y el <em>Storytelling de marca<\/em> orient\u00e1ndolas, en este caso, al Trail Running.<\/li>\n\n\n\n<li class=\"has-fontsecondary-font-family\" style=\"font-size:clamp(14px, 0.875rem + ((1vw - 3.2px) * 0.455), 18px);line-height:1.6\">Si tenes otra propuesta que se relacione con el deporte y su entorno, la podemos conversar!<\/li>\n<\/ul>\n\n\n\n<p class=\"has-text-align-center has-primary-hover-color has-text-color has-link-color has-fontsecondary-font-family wp-elements-d538c5fc08ccaa97c311c2109308e41b\" style=\"margin-top:var(--wp--preset--spacing--superbspacing-xsmall);margin-bottom:var(--wp--preset--spacing--superbspacing-xsmall);font-size:clamp(14px, 0.875rem + ((1vw - 3.2px) * 0.455), 18px);line-height:1.6\">Sostengo que comunicar no es <em>solo decir<\/em>, es contar una historia y transmitirla con valor y sentido.<\/p>\n\n\n\n<p class=\"has-text-align-center has-primary-hover-color has-text-color has-link-color has-fontsecondary-font-family wp-elements-32113f83c9ae7c45e6a953707a819be6\" style=\"margin-top:var(--wp--preset--spacing--superbspacing-xxsmall);margin-bottom:var(--wp--preset--spacing--superbspacing-xxsmall);font-size:clamp(14px, 0.875rem + ((1vw - 3.2px) * 0.455), 18px);line-height:1.6\">Estoy segura de que una marca, una organizaci\u00f3n, una empresa de Trail existen porque tienen un <em>prop\u00f3sito <\/em>claro para ser transmitido: un <em>por qu\u00e9<\/em> y un <em>para qu\u00e9<\/em> darle voz a este deporte que est\u00e1 en auge d\u00eda a d\u00eda. <\/p>\n\n\n\n<p class=\"has-text-align-center has-text-color has-link-color wp-elements-0279d743ee5306c221f4b56c0833f710\" style=\"color:#a39999;font-size:clamp(14px, 0.875rem + ((1vw - 3.2px) * 0.455), 18px);\">Para m\u00e1s informaci\u00f3n, contactame y charlamos!<\/p>\n\n\n\n<div class=\"wp-block-buttons is-content-justification-center is-layout-flex wp-container-core-buttons-is-layout-f9eeab2d wp-block-buttons-is-layout-flex\" style=\"margin-top:var(--wp--preset--spacing--superbspacing-small);margin-bottom:var(--wp--preset--spacing--superbspacing-small);padding-top:var(--wp--preset--spacing--superbspacing-xxsmall);padding-bottom:var(--wp--preset--spacing--superbspacing-xxsmall)\">\n<div class=\"wp-block-button\"><a class=\"wp-block-button__link wp-element-button\" href=\"https:\/\/wa.link\/0y6hxm\" style=\"padding-top:var(--wp--preset--spacing--superbspacing-xxsmall);padding-bottom:var(--wp--preset--spacing--superbspacing-xxsmall)\" target=\"_blank\" rel=\"noreferrer noopener\">contactar a belu<\/a><\/div>\n<\/div>\n\n\n\n<figure class=\"wp-block-gallery has-nested-images columns-default is-cropped wp-block-gallery-1 is-layout-flex wp-block-gallery-is-layout-flex\">\n<figure class=\"wp-block-image size-large\" style=\"margin-top:var(--wp--preset--spacing--superbspacing-xxsmall);margin-right:var(--wp--preset--spacing--superbspacing-xxsmall);margin-bottom:var(--wp--preset--spacing--superbspacing-xxsmall);margin-left:var(--wp--preset--spacing--superbspacing-xxsmall)\"><img loading=\"lazy\" decoding=\"async\" width=\"1024\" height=\"1024\" data-id=\"868\" src=\"https:\/\/belulicardi.com\/wp-content\/uploads\/2025\/07\/WhatsApp-Image-2025-07-04-at-18.41.56-1-1-1024x1024.jpeg\" alt=\"\" class=\"wp-image-868\" srcset=\"https:\/\/belulicardi.com\/wp-content\/uploads\/2025\/07\/WhatsApp-Image-2025-07-04-at-18.41.56-1-1-1024x1024.jpeg 1024w, https:\/\/belulicardi.com\/wp-content\/uploads\/2025\/07\/WhatsApp-Image-2025-07-04-at-18.41.56-1-1-300x300.jpeg 300w, https:\/\/belulicardi.com\/wp-content\/uploads\/2025\/07\/WhatsApp-Image-2025-07-04-at-18.41.56-1-1-150x150.jpeg 150w, https:\/\/belulicardi.com\/wp-content\/uploads\/2025\/07\/WhatsApp-Image-2025-07-04-at-18.41.56-1-1-768x767.jpeg 768w, https:\/\/belulicardi.com\/wp-content\/uploads\/2025\/07\/WhatsApp-Image-2025-07-04-at-18.41.56-1-1.jpeg 1440w\" sizes=\"auto, (max-width: 1024px) 100vw, 1024px\" \/><\/figure>\n\n\n\n<figure class=\"wp-block-image size-full\" style=\"margin-top:var(--wp--preset--spacing--superbspacing-xxsmall);margin-right:var(--wp--preset--spacing--superbspacing-xxsmall);margin-bottom:var(--wp--preset--spacing--superbspacing-xxsmall);margin-left:var(--wp--preset--spacing--superbspacing-xxsmall)\"><img loading=\"lazy\" decoding=\"async\" width=\"1440\" height=\"1440\" data-id=\"1013\" src=\"https:\/\/belulicardi.com\/wp-content\/uploads\/2025\/07\/WhatsApp-Image-2025-07-04-at-18.41.55-1-2.jpeg\" alt=\"\" class=\"wp-image-1013\" srcset=\"https:\/\/belulicardi.com\/wp-content\/uploads\/2025\/07\/WhatsApp-Image-2025-07-04-at-18.41.55-1-2.jpeg 1440w, https:\/\/belulicardi.com\/wp-content\/uploads\/2025\/07\/WhatsApp-Image-2025-07-04-at-18.41.55-1-2-300x300.jpeg 300w, https:\/\/belulicardi.com\/wp-content\/uploads\/2025\/07\/WhatsApp-Image-2025-07-04-at-18.41.55-1-2-1024x1024.jpeg 1024w, https:\/\/belulicardi.com\/wp-content\/uploads\/2025\/07\/WhatsApp-Image-2025-07-04-at-18.41.55-1-2-150x150.jpeg 150w, https:\/\/belulicardi.com\/wp-content\/uploads\/2025\/07\/WhatsApp-Image-2025-07-04-at-18.41.55-1-2-768x768.jpeg 768w\" sizes=\"auto, (max-width: 1440px) 100vw, 1440px\" \/><\/figure>\n\n\n\n<figure class=\"wp-block-image size-large\" style=\"margin-top:var(--wp--preset--spacing--superbspacing-xxsmall);margin-right:var(--wp--preset--spacing--superbspacing-xxsmall);margin-bottom:var(--wp--preset--spacing--superbspacing-xxsmall);margin-left:var(--wp--preset--spacing--superbspacing-xxsmall)\"><img loading=\"lazy\" decoding=\"async\" width=\"1024\" height=\"1024\" data-id=\"869\" src=\"https:\/\/belulicardi.com\/wp-content\/uploads\/2025\/07\/WhatsApp-Image-2025-07-04-at-18.41.56-1024x1024.jpeg\" alt=\"\" class=\"wp-image-869\" srcset=\"https:\/\/belulicardi.com\/wp-content\/uploads\/2025\/07\/WhatsApp-Image-2025-07-04-at-18.41.56-1024x1024.jpeg 1024w, https:\/\/belulicardi.com\/wp-content\/uploads\/2025\/07\/WhatsApp-Image-2025-07-04-at-18.41.56-300x300.jpeg 300w, https:\/\/belulicardi.com\/wp-content\/uploads\/2025\/07\/WhatsApp-Image-2025-07-04-at-18.41.56-150x150.jpeg 150w, https:\/\/belulicardi.com\/wp-content\/uploads\/2025\/07\/WhatsApp-Image-2025-07-04-at-18.41.56-768x768.jpeg 768w, https:\/\/belulicardi.com\/wp-content\/uploads\/2025\/07\/WhatsApp-Image-2025-07-04-at-18.41.56.jpeg 1440w\" sizes=\"auto, (max-width: 1024px) 100vw, 1024px\" \/><\/figure>\n<\/figure>\n","protected":false},"excerpt":{"rendered":"<p>Y quiero contarte&#8230; Desde que comenc\u00e9 a practicar Trail y a viajar a las carreras, la escritura me acompa\u00f1\u00f3 en cada kil\u00f3metro recorrido invit\u00e1ndome a descubrir diversas y nuevas formas de transmitir, no solo un mensaje, sino tambi\u00e9n su valor. As\u00ed que inici\u00e9 a formarme y a adentrarme de lleno en el mundo de las [&hellip;]<\/p>\n","protected":false},"author":1,"featured_media":0,"parent":0,"menu_order":0,"comment_status":"closed","ping_status":"closed","template":"","meta":{"footnotes":""},"class_list":["post-306","page","type-page","status-publish","hentry"],"jetpack_sharing_enabled":true,"_links":{"self":[{"href":"https:\/\/belulicardi.com\/index.php\/wp-json\/wp\/v2\/pages\/306","targetHints":{"allow":["GET"]}}],"collection":[{"href":"https:\/\/belulicardi.com\/index.php\/wp-json\/wp\/v2\/pages"}],"about":[{"href":"https:\/\/belulicardi.com\/index.php\/wp-json\/wp\/v2\/types\/page"}],"author":[{"embeddable":true,"href":"https:\/\/belulicardi.com\/index.php\/wp-json\/wp\/v2\/users\/1"}],"replies":[{"embeddable":true,"href":"https:\/\/belulicardi.com\/index.php\/wp-json\/wp\/v2\/comments?post=306"}],"version-history":[{"count":106,"href":"https:\/\/belulicardi.com\/index.php\/wp-json\/wp\/v2\/pages\/306\/revisions"}],"predecessor-version":[{"id":1066,"href":"https:\/\/belulicardi.com\/index.php\/wp-json\/wp\/v2\/pages\/306\/revisions\/1066"}],"wp:attachment":[{"href":"https:\/\/belulicardi.com\/index.php\/wp-json\/wp\/v2\/media?parent=306"}],"curies":[{"name":"wp","href":"https:\/\/api.w.org\/{rel}","templated":true}]}}