{"id":278,"date":"2025-07-08T23:43:31","date_gmt":"2025-07-09T02:43:31","guid":{"rendered":"https:\/\/belulicardi.com\/?page_id=278"},"modified":"2025-07-12T16:08:50","modified_gmt":"2025-07-12T19:08:50","slug":"sobre-mi","status":"publish","type":"page","link":"https:\/\/belulicardi.com\/index.php\/sobre-mi\/","title":{"rendered":"SOBRE MI"},"content":{"rendered":"\n<p class=\"has-primary-color has-text-color has-link-color wp-elements-09b98a9b4fcaf6ca094ceef0a91de189\" style=\"margin-top:0;margin-right:0;margin-bottom:0;margin-left:0;font-size:clamp(14px, 0.875rem + ((1vw - 3.2px) * 0.455), 18px);line-height:1.6\"><span class=\"has-superb-addons-text-align-justify\">Nac\u00ed en San Nicolas de Los Arroyos, provincia de Buenos Aires. Una ciudad hermosa pero muy alejada de las monta\u00f1as y del entorno natural.<\/span><\/p>\n\n\n\n<h2 class=\"wp-block-heading has-text-color has-link-color wp-elements-5a6068bca56fcf096dd970cdbca24fe7\" style=\"color:#ab9772;margin-top:0;margin-bottom:0;font-size:clamp(14px, 0.875rem + ((1vw - 3.2px) * 0.682), 20px);text-transform:none\">Donde comenz\u00f3 todo<\/h2>\n\n\n\n<p class=\"has-primary-color has-text-color has-link-color wp-elements-624e2c1077b72535db256c461e10d539\" style=\"margin-top:var(--wp--preset--spacing--superbspacing-xsmall);margin-right:var(--wp--preset--spacing--superbspacing-xsmall);margin-bottom:var(--wp--preset--spacing--superbspacing-xsmall);margin-left:var(--wp--preset--spacing--superbspacing-xsmall);font-size:clamp(14px, 0.875rem + ((1vw - 3.2px) * 0.455), 18px);line-height:1.6\"><span class=\"has-superb-addons-text-align-justify\">En el a\u00f1o 2023 comenc\u00e9 a vincularme m\u00e1s de cerca con la naturaleza y sus escenarios tan puros. Un viaje a Mendoza, espec\u00edficamente a Las Cuevas, me record\u00f3 a la ni\u00f1a aventurera que llevaba en mi interior y a la que le promet\u00ed jam\u00e1s dejarla ir. Por fin permit\u00ed escucharme, porque la respuesta que buscaba afuera, estaba dentro m\u00edo.<\/span><\/p>\n\n\n\n<p class=\"has-primary-color has-text-color has-link-color wp-elements-67139b4c83af89d7131e3152aa3f5d0a\" style=\"margin-top:var(--wp--preset--spacing--superbspacing-xsmall);margin-right:var(--wp--preset--spacing--superbspacing-xsmall);margin-bottom:var(--wp--preset--spacing--superbspacing-xsmall);margin-left:var(--wp--preset--spacing--superbspacing-xsmall);font-size:clamp(14px, 0.875rem + ((1vw - 3.2px) * 0.455), 18px);line-height:1.6\"><span class=\"has-superb-addons-text-align-justify\">Esta aventura me mostr\u00f3 la realidad desde otra perspectiva y fue la que me llev\u00f3 a hacer el famoso <em>\u00abclic\u201d<\/em> sobre la direcci\u00f3n de mi vida.<\/span><\/p>\n\n\n\n<p class=\"has-primary-color has-text-color has-link-color wp-elements-9a03767430688c70732344b553fd450a\" style=\"margin-top:var(--wp--preset--spacing--superbspacing-xsmall);margin-right:var(--wp--preset--spacing--superbspacing-xsmall);margin-bottom:var(--wp--preset--spacing--superbspacing-xsmall);margin-left:var(--wp--preset--spacing--superbspacing-xsmall);font-size:clamp(14px, 0.875rem + ((1vw - 3.2px) * 0.455), 18px);line-height:1.6\"><span class=\"has-superb-addons-text-align-justify\">A partir de esa toma de consciencia y de querer seguir estando en contacto con la naturaleza, comenc\u00e9 a entrenar para correr mi primera carrera de Trail Running. Quer\u00eda volver a esos alucinantes escenarios, pero esa vez me hab\u00eda propuesto que sea corriendo.<\/span><\/p>\n\n\n\n<figure class=\"wp-block-gallery has-nested-images columns-default is-cropped wp-block-gallery-1 is-layout-flex wp-block-gallery-is-layout-flex\">\n<figure class=\"wp-block-image size-full is-style-rounded\" style=\"margin-right:var(--wp--preset--spacing--superbspacing-xxsmall);margin-left:var(--wp--preset--spacing--superbspacing-xxsmall)\"><img loading=\"lazy\" decoding=\"async\" width=\"1200\" height=\"1600\" data-id=\"24\" src=\"https:\/\/belulicardi.com\/wp-content\/uploads\/2025\/07\/WhatsApp-Image-2025-07-04-at-18.27.56.jpeg\" alt=\"Mendoza, Las Cuevas\" class=\"wp-image-24\" srcset=\"https:\/\/belulicardi.com\/wp-content\/uploads\/2025\/07\/WhatsApp-Image-2025-07-04-at-18.27.56.jpeg 1200w, https:\/\/belulicardi.com\/wp-content\/uploads\/2025\/07\/WhatsApp-Image-2025-07-04-at-18.27.56-225x300.jpeg 225w, https:\/\/belulicardi.com\/wp-content\/uploads\/2025\/07\/WhatsApp-Image-2025-07-04-at-18.27.56-768x1024.jpeg 768w, https:\/\/belulicardi.com\/wp-content\/uploads\/2025\/07\/WhatsApp-Image-2025-07-04-at-18.27.56-1152x1536.jpeg 1152w, https:\/\/belulicardi.com\/wp-content\/uploads\/2025\/07\/WhatsApp-Image-2025-07-04-at-18.27.56-300x400.jpeg 300w, https:\/\/belulicardi.com\/wp-content\/uploads\/2025\/07\/WhatsApp-Image-2025-07-04-at-18.27.56-850x1133.jpeg 850w\" sizes=\"auto, (max-width: 1200px) 100vw, 1200px\" \/><figcaption class=\"wp-element-caption\">Las Cuevas, Mendoza<\/figcaption><\/figure>\n\n\n\n<figure class=\"wp-block-image size-full is-style-rounded\"><img loading=\"lazy\" decoding=\"async\" width=\"906\" height=\"990\" data-id=\"42\" src=\"https:\/\/belulicardi.com\/wp-content\/uploads\/2025\/07\/WhatsApp-Image-2025-07-04-at-18.33.09-1-e1752028426162.jpeg\" alt=\"\" class=\"wp-image-42\" srcset=\"https:\/\/belulicardi.com\/wp-content\/uploads\/2025\/07\/WhatsApp-Image-2025-07-04-at-18.33.09-1-e1752028426162.jpeg 906w, https:\/\/belulicardi.com\/wp-content\/uploads\/2025\/07\/WhatsApp-Image-2025-07-04-at-18.33.09-1-e1752028426162-275x300.jpeg 275w, https:\/\/belulicardi.com\/wp-content\/uploads\/2025\/07\/WhatsApp-Image-2025-07-04-at-18.33.09-1-e1752028426162-768x839.jpeg 768w\" sizes=\"auto, (max-width: 906px) 100vw, 906px\" \/><figcaption class=\"wp-element-caption\">Carrera de Trail Running, Mendoza<\/figcaption><\/figure>\n<\/figure>\n\n\n\n<h2 class=\"wp-block-heading has-text-color has-link-color wp-elements-7f8ba4645d5c6c2e2727565de34cc804\" style=\"color:#ab9772;font-size:clamp(14px, 0.875rem + ((1vw - 3.2px) * 0.682), 20px);text-transform:none\">\u00bfPor qu\u00e9 escribo?<\/h2>\n\n\n\n<p class=\"has-primary-color has-text-color has-link-color wp-elements-742d410b0d850560205aa2edce17e032\" style=\"font-size:clamp(14px, 0.875rem + ((1vw - 3.2px) * 0.455), 18px);line-height:1.6\"><span class=\"has-superb-addons-text-align-justify\">Con la escritura vamos de la mano hace a\u00f1os. Con ella viajo, sue\u00f1o, imagino, vivo otras vidas y multiplico la m\u00eda por mil. A alguien le toca contar lo que viven los ojos de una persona entusiasta. <\/span><\/p>\n\n\n\n<p><\/p>\n\n\n\n<p class=\"has-primary-color has-text-color has-link-color wp-elements-f224eda1c231a7f97b902c7b615228e1\" style=\"font-size:clamp(14px, 0.875rem + ((1vw - 3.2px) * 0.455), 18px);line-height:1.6\"><span class=\"has-superb-addons-text-align-justify\">Al principio comenz\u00f3 siendo terap\u00e9utica, de alguna manera la vida se volv\u00eda m\u00e1s liviana si escrib\u00eda. Pero luego se volvi\u00f3 parte de mis d\u00edas y de mi vida, convirti\u00e9ndose hoy en la creatividad que me une con las emociones m\u00e1s lindas de momentos preciosos.<\/span><\/p>\n\n\n\n<h2 class=\"wp-block-heading has-text-color has-link-color wp-elements-88903386a97fe9080a2e54236e57397f\" style=\"color:#ab9772;margin-top:0;margin-right:0;margin-bottom:0;margin-left:0;font-size:clamp(14px, 0.875rem + ((1vw - 3.2px) * 0.682), 20px);text-transform:none\">Vivir para escribir, compartir para inspirar<\/h2>\n\n\n\n<p class=\"has-primary-color has-text-color has-link-color wp-elements-a6446597e29ddf959a7aa8abb31ac2e9\" style=\"margin-top:var(--wp--preset--spacing--superbspacing-xsmall);margin-right:var(--wp--preset--spacing--superbspacing-xsmall);margin-bottom:var(--wp--preset--spacing--superbspacing-xsmall);margin-left:var(--wp--preset--spacing--superbspacing-xsmall);font-size:clamp(14px, 0.875rem + ((1vw - 3.2px) * 0.455), 18px);line-height:1.6\"><span class=\"has-superb-addons-text-align-justify\">Todas estas experiencias: Trekking en Mendoza y los viajes a las carreras de Trail, me impulsaron a <em>lanzarme<\/em> y compartir lo que tanto me llena el coraz\u00f3n esperando a inspirar a las personas a descubrir(se) y a explorar lo que<em> hay all\u00e1 afuera.<\/em> <\/span><\/p>\n\n\n\n<p class=\"has-primary-color has-text-color has-link-color wp-elements-98acf1439074011abcbff68291562c7a\" style=\"margin-top:var(--wp--preset--spacing--superbspacing-xsmall);margin-right:var(--wp--preset--spacing--superbspacing-xsmall);margin-bottom:var(--wp--preset--spacing--superbspacing-xsmall);margin-left:var(--wp--preset--spacing--superbspacing-xsmall);font-size:clamp(14px, 0.875rem + ((1vw - 3.2px) * 0.455), 18px);line-height:1.6\"><span class=\"has-superb-addons-text-align-justify\">Generar un impacto positivo en las personas a trav\u00e9s del valor de las palabras y la alegr\u00eda del deporte es lo que me incentiva a desarrollar cada historia con autenticidad y valor.<\/span><\/p>\n\n\n\n<p class=\"has-primary-color has-text-color has-link-color wp-elements-672d4428c5a298408306ed324e06d783\" style=\"font-size:clamp(14px, 0.875rem + ((1vw - 3.2px) * 0.455), 18px);line-height:1.6\"><span class=\"has-superb-addons-text-align-justify\">Al emprender este camino me dije que, si iba a darle importancia a algo, que sea lo que me motive a crecer, lo que me inspire a crear y lo que me permita ser, que la vida es un ratito y el presente, un regalo inmenso.<\/span><\/p>\n","protected":false},"excerpt":{"rendered":"<p>Nac\u00ed en San Nicolas de Los Arroyos, provincia de Buenos Aires. Una ciudad hermosa pero muy alejada de las monta\u00f1as y del entorno natural. Donde comenz\u00f3 todo En el a\u00f1o 2023 comenc\u00e9 a vincularme m\u00e1s de cerca con la naturaleza y sus escenarios tan puros. Un viaje a Mendoza, espec\u00edficamente a Las Cuevas, me record\u00f3 [&hellip;]<\/p>\n","protected":false},"author":1,"featured_media":0,"parent":0,"menu_order":0,"comment_status":"closed","ping_status":"closed","template":"","meta":{"footnotes":""},"class_list":["post-278","page","type-page","status-publish","hentry"],"jetpack_sharing_enabled":true,"_links":{"self":[{"href":"https:\/\/belulicardi.com\/index.php\/wp-json\/wp\/v2\/pages\/278","targetHints":{"allow":["GET"]}}],"collection":[{"href":"https:\/\/belulicardi.com\/index.php\/wp-json\/wp\/v2\/pages"}],"about":[{"href":"https:\/\/belulicardi.com\/index.php\/wp-json\/wp\/v2\/types\/page"}],"author":[{"embeddable":true,"href":"https:\/\/belulicardi.com\/index.php\/wp-json\/wp\/v2\/users\/1"}],"replies":[{"embeddable":true,"href":"https:\/\/belulicardi.com\/index.php\/wp-json\/wp\/v2\/comments?post=278"}],"version-history":[{"count":42,"href":"https:\/\/belulicardi.com\/index.php\/wp-json\/wp\/v2\/pages\/278\/revisions"}],"predecessor-version":[{"id":591,"href":"https:\/\/belulicardi.com\/index.php\/wp-json\/wp\/v2\/pages\/278\/revisions\/591"}],"wp:attachment":[{"href":"https:\/\/belulicardi.com\/index.php\/wp-json\/wp\/v2\/media?parent=278"}],"curies":[{"name":"wp","href":"https:\/\/api.w.org\/{rel}","templated":true}]}}